{"id":10,"date":"2024-04-19T15:37:03","date_gmt":"2024-04-19T15:37:03","guid":{"rendered":"https:\/\/desekilibra2.es\/?page_id=10"},"modified":"2024-05-08T16:39:42","modified_gmt":"2024-05-08T16:39:42","slug":"home","status":"publish","type":"page","link":"https:\/\/desekilibra2.es\/","title":{"rendered":"Home"},"content":{"rendered":"\n<p><\/p>\n\n\n\n<p><\/p>\n\n\n\n<p><\/p>\n\n\n\n<p><\/p>\n\n\n\n<p><\/p>\n\n\n\n<p><\/p>\n\n\n\n<p>Siente la energ\u00eda de San Clemente en vivo durante nuestras reuniones veraniegas. \u00danete a nuestra pe\u00f1a y d\u00e9jate llevar por la autenticidad de este encantador pueblo.<\/p>\n\n\n\n<figure class=\"wp-block-image aligncenter size-large\"><img loading=\"lazy\" decoding=\"async\" width=\"1024\" height=\"1024\" src=\"https:\/\/desekilibra2.es\/wp-content\/uploads\/2024\/04\/cerca-1024x1024.png\" alt=\"\" class=\"wp-image-17\" srcset=\"https:\/\/desekilibra2.es\/wp-content\/uploads\/2024\/04\/cerca-1024x1024.png 1024w, https:\/\/desekilibra2.es\/wp-content\/uploads\/2024\/04\/cerca-300x300.png 300w, https:\/\/desekilibra2.es\/wp-content\/uploads\/2024\/04\/cerca-150x150.png 150w, https:\/\/desekilibra2.es\/wp-content\/uploads\/2024\/04\/cerca-768x768.png 768w, https:\/\/desekilibra2.es\/wp-content\/uploads\/2024\/04\/cerca-1536x1536.png 1536w, https:\/\/desekilibra2.es\/wp-content\/uploads\/2024\/04\/cerca-2048x2048.png 2048w, https:\/\/desekilibra2.es\/wp-content\/uploads\/2024\/04\/cerca-855x855.png 855w, https:\/\/desekilibra2.es\/wp-content\/uploads\/2024\/04\/cerca-800x800.png 800w\" sizes=\"auto, (max-width: 1024px) 100vw, 1024px\" \/><\/figure>\n","protected":false},"excerpt":{"rendered":"<p>Siente la energ\u00eda de San Clemente en vivo durante nuestras reuniones veraniegas. \u00danete a nuestra pe\u00f1a y d\u00e9jate llevar por<span class=\"more-dots\">&#8230;<\/span><\/p>\n","protected":false},"author":1,"featured_media":0,"parent":0,"menu_order":0,"comment_status":"closed","ping_status":"closed","template":"page-templates\/header-overlap.php","meta":{"om_disable_all_campaigns":false,"_monsterinsights_skip_tracking":false,"_monsterinsights_sitenote_active":false,"_monsterinsights_sitenote_note":"","_monsterinsights_sitenote_category":0,"footnotes":""},"class_list":["post-10","page","type-page","status-publish","hentry","no-post-thumbnail"],"aioseo_notices":[],"_links":{"self":[{"href":"https:\/\/desekilibra2.es\/index.php\/wp-json\/wp\/v2\/pages\/10","targetHints":{"allow":["GET"]}}],"collection":[{"href":"https:\/\/desekilibra2.es\/index.php\/wp-json\/wp\/v2\/pages"}],"about":[{"href":"https:\/\/desekilibra2.es\/index.php\/wp-json\/wp\/v2\/types\/page"}],"author":[{"embeddable":true,"href":"https:\/\/desekilibra2.es\/index.php\/wp-json\/wp\/v2\/users\/1"}],"replies":[{"embeddable":true,"href":"https:\/\/desekilibra2.es\/index.php\/wp-json\/wp\/v2\/comments?post=10"}],"version-history":[{"count":17,"href":"https:\/\/desekilibra2.es\/index.php\/wp-json\/wp\/v2\/pages\/10\/revisions"}],"predecessor-version":[{"id":102,"href":"https:\/\/desekilibra2.es\/index.php\/wp-json\/wp\/v2\/pages\/10\/revisions\/102"}],"wp:attachment":[{"href":"https:\/\/desekilibra2.es\/index.php\/wp-json\/wp\/v2\/media?parent=10"}],"curies":[{"name":"wp","href":"https:\/\/api.w.org\/{rel}","templated":true}]}}